{"id":63,"date":"2019-01-19T22:33:04","date_gmt":"2019-01-19T21:33:04","guid":{"rendered":"http:\/\/www.afch.at\/wwff\/?page_id=63"},"modified":"2022-11-29T21:27:34","modified_gmt":"2022-11-29T20:27:34","slug":"impressum","status":"publish","type":"page","link":"https:\/\/www.afch.at\/wwff\/impressum\/","title":{"rendered":"Impressum"},"content":{"rendered":"<div id=\"content\">\n<div id=\"post-28\" class=\"post page clearfix post-28 type-page status-publish hentry\">\n<div class=\"entry clearfix\">\n<p style=\"text-align: justify;\"><strong>Impressum<\/strong><\/p>\n<p style=\"text-align: justify;\">Informationspflicht laut \u00a75 E-Commerce Gesetz, \u00a714 Unternehmensgesetzbuch, \u00a763 Gewerbeordnung und Offenlegungspflicht laut \u00a725 Mediengesetz.<\/p>\n<p style=\"text-align: justify;\">ZVR.-Zahl: 753649271\u00a0\u00a0 <strong>Amateurfunkclub Heidenreichstein (AFCH) \/ WWFF-OE<\/strong><\/p>\n<p style=\"text-align: justify;\"><strong>Diplommanager\/Coordinator:<\/strong><\/p>\n<p style=\"text-align: justify;\">OE3RGB<br \/>\nRainer Gangl<br \/>\nAnton Ulrichgasse 4<br \/>\n3860 Heidenreichstein<br \/>\nAmateurfunkclub Heidenreichstein und ADL 339<br \/>\nMobil +43 664 4006476<br \/>\nEmail: <a href=\"mailto:josef@schwarz-schafhof.at\">rainer.gangl@aon.at<\/a><\/p>\n<p style=\"text-align: justify;\"><strong>Vereinszweck:<\/strong><br \/>\n(1) Der Verein, dessen T\u00e4tigkeit nicht auf Gewinn gerichtet ist, bezweckt die gemeinn\u00fctzige F\u00f6rderung der Kontakte zwischen den Funkamateuren, die sich in der Elektronik, im Funkwesen, insbesondere im Amateurfunk bet\u00e4tigen wollen oder daran interessiert sind, und verfolgt keinerlei parteipolitische Zwecke. Allf\u00e4llige Einnahmen dienen Vereinszwecken.<br \/>\n(2) Ausbildung der Mitglieder zu Funkamateuren und deren Weiterbildung im Funkwesen.<br \/>\n(3) Technische Beratung und Unterst\u00fctzung der Mitglieder, Austausch von Erfahrungen. (4) Sammlung und Weitergabe von Beobachtungen und Erfahrungen der Mitglieder zur F\u00f6rderung des internationalen Amateurfunks.<br \/>\n(5) F\u00f6rderung der Mitarbeit an wissenschaftlichen Aufgaben, freundschaftliche Zusammenarbeit mit anderen Amateurfunkverb\u00e4nden.<br \/>\n(6) Die Pflege der Freundschaft und des Kontaktes mit Funkamateuren anderer Staaten, ohne Unterschied von Nationalit\u00e4t, Glaubensbekenntnis und Weltanschauung im Rahmen der geltenden Gesetze.<br \/>\n(7) Zusammenarbeit mit Bezirkshauptmannschaften im Not- und Katastrophenfall. Abwicklung eines Notverkehrs oder Weiterleitung von Notrufen. Sowie \u00dcbermittlung von Nachrichten zum Schutze des menschlichen Lebens nach Ma\u00dfgabe der zur Verf\u00fcgung stehenden nachrichtentechnischen Ausr\u00fcstung.<\/p>\n<p style=\"text-align: justify;\">Quelle: Erstellt\u00a0mit dem <a href=\"https:\/\/www.firmenwebseiten.at\/impressum-generator\/\">Impressum Generator von firmenwebseiten.at<\/a>\u00a0in Kooperation mit <a href=\"https:\/\/www.vitalnews.de\/\">vitalnews.de<\/a><\/p>\n<p style=\"text-align: justify;\"><strong>EU-Streitschlichtung<\/strong><\/p>\n<p style=\"text-align: justify;\">Angaben zur Online-Streitbeilegung: Verbraucher haben die M\u00f6glichkeit, Beschwerden an die Online Streitbeilegungsplattform der EU zu richten: <a href=\"https:\/\/ec.europa.eu\/consumers\/odr\/main\/index.cfm?event=main.home2.show&amp;lng=DE\">https:\/\/ec.europa.eu\/consumers\/odr\/main\/index.cfm?event=main.home2.show&amp;lng=DE<\/a>. Sie k\u00f6nnen allf\u00e4llige Beschwerde auch an die oben angegebene E-Mail-Adresse richten.<\/p>\n<p style=\"text-align: justify;\"><strong>Haftung f\u00fcr Inhalte dieser Webseite<\/strong><\/p>\n<p style=\"text-align: justify;\">Wir entwickeln die Inhalte dieser Webseite st\u00e4ndig weiter und bem\u00fchen uns korrekte und aktuelle Informationen bereitzustellen. Leider k\u00f6nnen wir keine Haftung f\u00fcr die Korrektheit aller Inhalte auf dieser Webseite \u00fcbernehmen, speziell f\u00fcr jene die seitens Dritter bereitgestellt wird. Sollten Ihnen problematische oder rechtswidrige Inhalte auffallen, bitte wir Sie uns umgehend zu kontaktieren, Sie finden die Kontaktdaten im Impressum.<\/p>\n<p style=\"text-align: justify;\"><strong>Haftung f\u00fcr Links auf dieser Webseite<\/strong><\/p>\n<p style=\"text-align: justify;\">Unsere Webseite enth\u00e4lt Links zu anderen Webseiten f\u00fcr deren Inhalt wir nicht verantwortlich sind. Wenn Ihnen rechtswidrige Links auf unserer Webseite auffallen, bitte wir Sie uns zu kontaktieren, Sie finden die Kontaktdaten im Impressum.<\/p>\n<p style=\"text-align: justify;\"><strong>Urheberrechtshinweis<\/strong><\/p>\n<p style=\"text-align: justify;\">Alle Inhalte dieser Webseite (Bilder, Fotos, Texte, Videos) unterliegen dem Urheberrecht. Falls notwendig, werden wir die unerlaubte Nutzung von Teilen der Inhalte unserer Seite rechtlich verfolgen.<\/p>\n<p style=\"text-align: justify;\"><strong>Bildernachweis<\/strong><\/p>\n<p style=\"text-align: justify;\">Die Bilder, Fotos und Grafiken auf dieser Webseite sind urheberrechtlich gesch\u00fctzt.<\/p>\n<p style=\"text-align: justify;\"><strong>Speicherung pers\u00f6nlicher Daten<\/strong><\/p>\n<p style=\"text-align: justify;\">Pers\u00f6nliche Daten, die Sie uns auf dieser Website elektronisch \u00fcbermitteln, wie zum Beispiel Name, E-Mail-Adresse, Adresse oder andere pers\u00f6nlichen Angaben im Rahmen der \u00dcbermittlung eines Formulars oder Kommentaren im Blog, werden von uns gemeinsam mit dem Zeitpunkt und der IP-Adresse nur zum jeweils angegebenen Zweck verwendet, sicher verwahrt und nicht an Dritte weitergegeben.<\/p>\n<p style=\"text-align: justify;\">Wir nutzen Ihre pers\u00f6nlichen Daten somit nur f\u00fcr die Kommunikation mit jenen Besuchern, die Kontakt ausdr\u00fccklich w\u00fcnschen und f\u00fcr die Abwicklung der auf dieser Webseite angebotenen Dienstleistungen und Produkte. Wir geben Ihre pers\u00f6nlichen Daten ohne Zustimmung nicht weiter, k\u00f6nnen jedoch nicht ausschlie\u00dfen, dass diese Daten beim Vorliegen von rechtswidrigem Verhalten eingesehen werden.<\/p>\n<p style=\"text-align: justify;\">Wenn Sie uns pers\u00f6nliche Daten per E-Mail schicken \u2013 somit abseits dieser Webseite \u2013 k\u00f6nnen wir keine sichere \u00dcbertragung und den Schutz Ihrer Daten garantieren. Wir empfehlen Ihnen, vertrauliche Daten niemals unverschl\u00fcsselt per E-Mail zu \u00fcbermitteln.<\/p>\n<p style=\"text-align: justify;\"><strong>Ihre Rechte<\/strong><\/p>\n<p style=\"text-align: justify;\">Ihnen stehen grunds\u00e4tzlich die Rechte auf Auskunft, Berichtigung, L\u00f6schung, Einschr\u00e4nkung, Daten\u00fcbertragbarkeit, Widerruf und Widerspruch zu. Wenn Sie glauben, dass die Verarbeitung Ihrer Daten gegen das Datenschutzrecht verst\u00f6\u00dft oder Ihre datenschutzrechtlichen Anspr\u00fcche sonst in einer Weise verletzt worden sind, k\u00f6nnen Sie sich bei der Aufsichtsbeh\u00f6rde beschweren. In \u00d6sterreich ist dies die Datenschutzbeh\u00f6rde, deren Webseiten Sie unter <a href=\"https:\/\/www.dsb.gv.at\/\">https:\/\/www.dsb.gv.at\/<\/a> finden.<\/p>\n<p style=\"text-align: justify;\"><strong>Cookies<\/strong><\/p>\n<p style=\"text-align: justify;\">Unsere Website verwendet HTTP-Cookies um nutzerspezifische Daten zu speichern.<br \/>\nEin Cookie ist ein kurzes Datenpaket, welches zwischen Webbrowser und Webserver ausgetauscht wird, f\u00fcr diese aber v\u00f6llig bedeutungslos ist und erst f\u00fcr die Webanwendung, z. B. einen Online-Shop, eine Bedeutung erh\u00e4lt, etwa den Inhalt eines virtuellen Warenkorbes.<br \/>\nEs gibt zwei Arten von Cookies: Erstanbieter-Cookies werden von unserer Website erstellt, Drittanbieter-Cookies werden von anderen Websites (z. B. Google Analytics) erstellt.<br \/>\nMan unterscheidet drei Kategorien von Cookies: unbedingt notwendige Cookies um grundlegende Funktionen der Website sicherzustellen, funktionelle Cookies um die Leistung der Webseite sicherzustellen und zielorientierte Cookies um das Benutzererlebnis zu verbessern.<br \/>\nWir nutzen Cookies, um unsere Webseite nutzerfreundlicher zu gestalten. Einige Cookies bleiben auf Ihrem Endger\u00e4t gespeichert, bis Sie diese l\u00f6schen. Sie erm\u00f6glichen es uns, Ihren Browser beim n\u00e4chsten Besuch wiederzuerkennen.<br \/>\nWenn Sie dies nicht w\u00fcnschen, so k\u00f6nnen Sie Ihren Browser so einrichten, dass er Sie \u00fcber das Setzen von Cookies informiert und Sie dies nur im Einzelfall erlauben.<br \/>\nSie k\u00f6nnen jederzeit Cookies, die sich bereits auf Ihrem Computer befinden, l\u00f6schen oder Cookies deaktivieren. Die Vorgangsweise dazu ist nach Browser unterschiedlich, am besten Sie suchen die Anleitung in Google mit dem Suchbegriff \u201ecookies l\u00f6schen chrome\u201c oder \u201ecookies deaktivieren chrome\u201c im Falle eines Chrome Browsers oder tauschen das Wort \u201echrome\u201c gegen den Namen Ihres Browsers, z. B. edge, firefox, safari aus.<br \/>\nWenn Sie uns generell nicht gestatten, Cookies zu nutzen, d.h. diese per Browsereinstellung deaktivieren, k\u00f6nnen manche Funktionen und Seiten nicht wie erwartet funktionieren.<\/p>\n<p style=\"text-align: justify;\"><strong>Newsletter<\/strong><\/p>\n<p style=\"text-align: justify;\">Wenn Sie sich f\u00fcr unseren Newsletter eintragen \u00fcbermitteln Sie die oben genannten pers\u00f6nlichen Daten und geben uns das Recht Sie per E-Mail zu kontaktieren. Die im Rahmen der Anmeldung zum Newsletter gespeicherten Daten nutzen wir ausschlie\u00dflich f\u00fcr unseren Newsletter und geben diese nicht weiter.<\/p>\n<p style=\"text-align: justify;\">Sollten Sie sich vom Newsletter abmelden \u2013 Sie finden den Link daf\u00fcr in jedem Newsletter ganz unten \u2013 dann l\u00f6schen wir alle Daten die mit der Anmeldung zum Newsletter gespeichert wurden.<\/p>\n<\/div>\n<\/div>\n<\/div>\n<div id=\"sidebar-primary\">\n<div id=\"search\" title=\"Type and hit enter\"><\/div>\n<\/div>\n","protected":false},"excerpt":{"rendered":"<p>Impressum Informationspflicht laut \u00a75 E-Commerce Gesetz, \u00a714 Unternehmensgesetzbuch, \u00a763 Gewerbeordnung und Offenlegungspflicht laut \u00a725 Mediengesetz. ZVR.-Zahl: 753649271\u00a0\u00a0 Amateurfunkclub Heidenreichstein (AFCH) \/ WWFF-OE Diplommanager\/Coordinator: OE3RGB Rainer Gangl Anton Ulrichgasse 4 3860 Heidenreichstein Amateurfunkclub Heidenreichstein und ADL 339 Mobil +43 664 4006476 Email: rainer.gangl@aon.at Vereinszweck: (1) Der Verein, dessen T\u00e4tigkeit nicht auf Gewinn gerichtet ist, bezweckt die gemeinn\u00fctzige F\u00f6rderung der Kontakte zwischen den Funkamateuren, die sich in der Elektronik, im Funkwesen, insbesondere im Amateurfunk bet\u00e4tigen wollen oder daran interessiert sind, und verfolgt keinerlei parteipolitische Zwecke. Allf\u00e4llige Einnahmen dienen Vereinszwecken. (2) Ausbildung der&hellip;<\/p>\n","protected":false},"author":1,"featured_media":0,"parent":0,"menu_order":0,"comment_status":"closed","ping_status":"closed","template":"","meta":{"jetpack_post_was_ever_published":false,"_mc_calendar":[],"footnotes":""},"class_list":["post-63","page","type-page","status-publish","hentry"],"yoast_head":"<!-- This site is optimized with the Yoast SEO plugin v27.3 - https:\/\/yoast.com\/product\/yoast-seo-wordpress\/ -->\n<title>Impressum - WWFF-OE<\/title>\n<meta name=\"robots\" content=\"index, follow, max-snippet:-1, max-image-preview:large, max-video-preview:-1\" \/>\n<link rel=\"canonical\" href=\"https:\/\/www.afch.at\/wwff\/impressum\/\" \/>\n<meta property=\"og:locale\" content=\"de_DE\" \/>\n<meta property=\"og:type\" content=\"article\" \/>\n<meta property=\"og:title\" content=\"Impressum - WWFF-OE\" \/>\n<meta property=\"og:description\" content=\"Impressum Informationspflicht laut \u00a75 E-Commerce Gesetz, \u00a714 Unternehmensgesetzbuch, \u00a763 Gewerbeordnung und Offenlegungspflicht laut \u00a725 Mediengesetz. ZVR.-Zahl: 753649271\u00a0\u00a0 Amateurfunkclub Heidenreichstein (AFCH) \/ WWFF-OE Diplommanager\/Coordinator: OE3RGB Rainer Gangl Anton Ulrichgasse 4 3860 Heidenreichstein Amateurfunkclub Heidenreichstein und ADL 339 Mobil +43 664 4006476 Email: rainer.gangl@aon.at Vereinszweck: (1) Der Verein, dessen T\u00e4tigkeit nicht auf Gewinn gerichtet ist, bezweckt die gemeinn\u00fctzige F\u00f6rderung der Kontakte zwischen den Funkamateuren, die sich in der Elektronik, im Funkwesen, insbesondere im Amateurfunk bet\u00e4tigen wollen oder daran interessiert sind, und verfolgt keinerlei parteipolitische Zwecke. Allf\u00e4llige Einnahmen dienen Vereinszwecken. (2) Ausbildung der&hellip;\" \/>\n<meta property=\"og:url\" content=\"https:\/\/www.afch.at\/wwff\/impressum\/\" \/>\n<meta property=\"og:site_name\" content=\"WWFF-OE\" \/>\n<meta property=\"article:modified_time\" content=\"2022-11-29T20:27:34+00:00\" \/>\n<meta name=\"twitter:card\" content=\"summary_large_image\" \/>\n<meta name=\"twitter:label1\" content=\"Gesch\u00e4tzte Lesezeit\" \/>\n\t<meta name=\"twitter:data1\" content=\"5\u00a0Minuten\" \/>\n<script type=\"application\/ld+json\" class=\"yoast-schema-graph\">{\"@context\":\"https:\\\/\\\/schema.org\",\"@graph\":[{\"@type\":\"WebPage\",\"@id\":\"https:\\\/\\\/www.afch.at\\\/wwff\\\/impressum\\\/\",\"url\":\"https:\\\/\\\/www.afch.at\\\/wwff\\\/impressum\\\/\",\"name\":\"Impressum - WWFF-OE\",\"isPartOf\":{\"@id\":\"http:\\\/\\\/www.afch.at\\\/wwff\\\/#website\"},\"datePublished\":\"2019-01-19T21:33:04+00:00\",\"dateModified\":\"2022-11-29T20:27:34+00:00\",\"breadcrumb\":{\"@id\":\"https:\\\/\\\/www.afch.at\\\/wwff\\\/impressum\\\/#breadcrumb\"},\"inLanguage\":\"de\",\"potentialAction\":[{\"@type\":\"ReadAction\",\"target\":[\"https:\\\/\\\/www.afch.at\\\/wwff\\\/impressum\\\/\"]}]},{\"@type\":\"BreadcrumbList\",\"@id\":\"https:\\\/\\\/www.afch.at\\\/wwff\\\/impressum\\\/#breadcrumb\",\"itemListElement\":[{\"@type\":\"ListItem\",\"position\":1,\"name\":\"Startseite\",\"item\":\"http:\\\/\\\/www.afch.at\\\/wwff\\\/\"},{\"@type\":\"ListItem\",\"position\":2,\"name\":\"Impressum\"}]},{\"@type\":\"WebSite\",\"@id\":\"http:\\\/\\\/www.afch.at\\\/wwff\\\/#website\",\"url\":\"http:\\\/\\\/www.afch.at\\\/wwff\\\/\",\"name\":\"WWFF-OE\",\"description\":\"AFCH\",\"potentialAction\":[{\"@type\":\"SearchAction\",\"target\":{\"@type\":\"EntryPoint\",\"urlTemplate\":\"http:\\\/\\\/www.afch.at\\\/wwff\\\/?s={search_term_string}\"},\"query-input\":{\"@type\":\"PropertyValueSpecification\",\"valueRequired\":true,\"valueName\":\"search_term_string\"}}],\"inLanguage\":\"de\"}]}<\/script>\n<!-- \/ Yoast SEO plugin. -->","yoast_head_json":{"title":"Impressum - WWFF-OE","robots":{"index":"index","follow":"follow","max-snippet":"max-snippet:-1","max-image-preview":"max-image-preview:large","max-video-preview":"max-video-preview:-1"},"canonical":"https:\/\/www.afch.at\/wwff\/impressum\/","og_locale":"de_DE","og_type":"article","og_title":"Impressum - WWFF-OE","og_description":"Impressum Informationspflicht laut \u00a75 E-Commerce Gesetz, \u00a714 Unternehmensgesetzbuch, \u00a763 Gewerbeordnung und Offenlegungspflicht laut \u00a725 Mediengesetz. ZVR.-Zahl: 753649271\u00a0\u00a0 Amateurfunkclub Heidenreichstein (AFCH) \/ WWFF-OE Diplommanager\/Coordinator: OE3RGB Rainer Gangl Anton Ulrichgasse 4 3860 Heidenreichstein Amateurfunkclub Heidenreichstein und ADL 339 Mobil +43 664 4006476 Email: rainer.gangl@aon.at Vereinszweck: (1) Der Verein, dessen T\u00e4tigkeit nicht auf Gewinn gerichtet ist, bezweckt die gemeinn\u00fctzige F\u00f6rderung der Kontakte zwischen den Funkamateuren, die sich in der Elektronik, im Funkwesen, insbesondere im Amateurfunk bet\u00e4tigen wollen oder daran interessiert sind, und verfolgt keinerlei parteipolitische Zwecke. Allf\u00e4llige Einnahmen dienen Vereinszwecken. (2) Ausbildung der&hellip;","og_url":"https:\/\/www.afch.at\/wwff\/impressum\/","og_site_name":"WWFF-OE","article_modified_time":"2022-11-29T20:27:34+00:00","twitter_card":"summary_large_image","twitter_misc":{"Gesch\u00e4tzte Lesezeit":"5\u00a0Minuten"},"schema":{"@context":"https:\/\/schema.org","@graph":[{"@type":"WebPage","@id":"https:\/\/www.afch.at\/wwff\/impressum\/","url":"https:\/\/www.afch.at\/wwff\/impressum\/","name":"Impressum - WWFF-OE","isPartOf":{"@id":"http:\/\/www.afch.at\/wwff\/#website"},"datePublished":"2019-01-19T21:33:04+00:00","dateModified":"2022-11-29T20:27:34+00:00","breadcrumb":{"@id":"https:\/\/www.afch.at\/wwff\/impressum\/#breadcrumb"},"inLanguage":"de","potentialAction":[{"@type":"ReadAction","target":["https:\/\/www.afch.at\/wwff\/impressum\/"]}]},{"@type":"BreadcrumbList","@id":"https:\/\/www.afch.at\/wwff\/impressum\/#breadcrumb","itemListElement":[{"@type":"ListItem","position":1,"name":"Startseite","item":"http:\/\/www.afch.at\/wwff\/"},{"@type":"ListItem","position":2,"name":"Impressum"}]},{"@type":"WebSite","@id":"http:\/\/www.afch.at\/wwff\/#website","url":"http:\/\/www.afch.at\/wwff\/","name":"WWFF-OE","description":"AFCH","potentialAction":[{"@type":"SearchAction","target":{"@type":"EntryPoint","urlTemplate":"http:\/\/www.afch.at\/wwff\/?s={search_term_string}"},"query-input":{"@type":"PropertyValueSpecification","valueRequired":true,"valueName":"search_term_string"}}],"inLanguage":"de"}]}},"jetpack_sharing_enabled":true,"jetpack_shortlink":"https:\/\/wp.me\/PaENpZ-11","jetpack-related-posts":[],"_links":{"self":[{"href":"https:\/\/www.afch.at\/wwff\/wp-json\/wp\/v2\/pages\/63","targetHints":{"allow":["GET"]}}],"collection":[{"href":"https:\/\/www.afch.at\/wwff\/wp-json\/wp\/v2\/pages"}],"about":[{"href":"https:\/\/www.afch.at\/wwff\/wp-json\/wp\/v2\/types\/page"}],"author":[{"embeddable":true,"href":"https:\/\/www.afch.at\/wwff\/wp-json\/wp\/v2\/users\/1"}],"replies":[{"embeddable":true,"href":"https:\/\/www.afch.at\/wwff\/wp-json\/wp\/v2\/comments?post=63"}],"version-history":[{"count":4,"href":"https:\/\/www.afch.at\/wwff\/wp-json\/wp\/v2\/pages\/63\/revisions"}],"predecessor-version":[{"id":568,"href":"https:\/\/www.afch.at\/wwff\/wp-json\/wp\/v2\/pages\/63\/revisions\/568"}],"wp:attachment":[{"href":"https:\/\/www.afch.at\/wwff\/wp-json\/wp\/v2\/media?parent=63"}],"curies":[{"name":"wp","href":"https:\/\/api.w.org\/{rel}","templated":true}]}}