{"id":401,"date":"2020-01-27T23:32:17","date_gmt":"2020-01-27T22:32:17","guid":{"rendered":"http:\/\/www.afch.at\/wwff\/?page_id=401"},"modified":"2022-11-29T20:51:47","modified_gmt":"2022-11-29T19:51:47","slug":"activator-awards-oeff","status":"publish","type":"page","link":"https:\/\/www.afch.at\/wwff\/activator-awards-oeff\/","title":{"rendered":"ACTIVATOR AWARDS OEFF"},"content":{"rendered":"<p style=\"text-align: justify;\"><strong>ACTIVATOR AWARDS<\/strong><\/p>\n<p style=\"text-align: justify;\">OE FLORA &amp; FAUNA \u2013 OEFF<\/p>\n<p style=\"text-align: justify;\">(Worked OE Flora &amp; Fauna)<\/p>\n<p style=\"text-align: justify;\">Aktivator Diplom<\/p>\n<p style=\"text-align: justify;\">Der Amateurfunkclub Heidenreichstein (AFCH) gibt dieses auch vom \u00d6VSV anerkannte Diplom an lizenzierte Funkamateure f\u00fcr Verbindungen nach dem 1. Januar 2009 heraus. Daf\u00fcr sind folgende Bedingungen zu erf\u00fcllen: Der Antragsteller und gleichzeitig OEFF Aktivator muss alle Verbindungen vom gleichen DXCC-Gebiet get\u00e4tigt haben, Standortwechsel (\/am, \/p, \/mm, \/m) erlaubt, keine Band- oder Betriebsartenbeschr\u00e4nkung. Es werden Aktivierungen aus verschiedenen Nationalparks und Reservaten (OEFF) in \u00d6sterreich lt. Liste ben\u00f6tigt. Das Diplom wird in drei Klassen ausgegeben. OEFF-A 10 = 10 aktivierte OE FF Gebiete OEFF-A 20 = 20 aktivierte OEFF Gebiete OEFF-A 30 = 30 aktivierte OE FF Gebiete Stationen, die einen Nationalpark oder ein Reservat aktivieren, m\u00fcssen sich innerhalb seiner Grenzen befinden. Dabei wird vorausgesetzt, dass Sie sich sowohl den Bestimmungen des Nationalparks bzw. Reservates entsprechend verhalten als auch Verantwortungsbewusstsein und Sorgfalt gegen\u00fcber Flora und Fauna an den Tag legen. Das Diplom kann online auf http:\/\/logsearch.wwff.co\/index.php beantragt werden und wird durch den Diplom Manager OE3LLQ &#8211; Luciano oder OE3RGB &#8211; Rainer gepr\u00fcft und per Email als PDF File zum selber ausdrucken verschickt.<\/p>\n<p style=\"text-align: justify;\">\u00a0Vy 73,55, 44 OE3RGB \u2013 Rainer,\u00a0 OEFF \u2013 Coordinator, OE3LLQ &#8211; OEFF \u2013 Award Manager<\/p>\n","protected":false},"excerpt":{"rendered":"<p>ACTIVATOR AWARDS OE FLORA &amp; FAUNA \u2013 OEFF (Worked OE Flora &amp; Fauna) Aktivator Diplom Der Amateurfunkclub Heidenreichstein (AFCH) gibt dieses auch vom \u00d6VSV anerkannte Diplom an lizenzierte Funkamateure f\u00fcr Verbindungen nach dem 1. Januar 2009 heraus. Daf\u00fcr sind folgende Bedingungen zu erf\u00fcllen: Der Antragsteller und gleichzeitig OEFF Aktivator muss alle Verbindungen vom gleichen DXCC-Gebiet get\u00e4tigt haben, Standortwechsel (\/am, \/p, \/mm, \/m) erlaubt, keine Band- oder Betriebsartenbeschr\u00e4nkung. Es werden Aktivierungen aus verschiedenen Nationalparks und Reservaten (OEFF) in \u00d6sterreich lt. Liste ben\u00f6tigt. Das Diplom wird in drei Klassen ausgegeben. OEFF-A 10&hellip;<\/p>\n","protected":false},"author":1,"featured_media":0,"parent":0,"menu_order":0,"comment_status":"closed","ping_status":"closed","template":"","meta":{"jetpack_post_was_ever_published":false,"_mc_calendar":[],"footnotes":""},"class_list":["post-401","page","type-page","status-publish","hentry"],"yoast_head":"<!-- This site is optimized with the Yoast SEO plugin v27.3 - https:\/\/yoast.com\/product\/yoast-seo-wordpress\/ -->\n<title>ACTIVATOR AWARDS OEFF - WWFF-OE<\/title>\n<meta name=\"robots\" content=\"index, follow, max-snippet:-1, max-image-preview:large, max-video-preview:-1\" \/>\n<link rel=\"canonical\" href=\"https:\/\/www.afch.at\/wwff\/activator-awards-oeff\/\" \/>\n<meta property=\"og:locale\" content=\"de_DE\" \/>\n<meta property=\"og:type\" content=\"article\" \/>\n<meta property=\"og:title\" content=\"ACTIVATOR AWARDS OEFF - WWFF-OE\" \/>\n<meta property=\"og:description\" content=\"ACTIVATOR AWARDS OE FLORA &amp; FAUNA \u2013 OEFF (Worked OE Flora &amp; Fauna) Aktivator Diplom Der Amateurfunkclub Heidenreichstein (AFCH) gibt dieses auch vom \u00d6VSV anerkannte Diplom an lizenzierte Funkamateure f\u00fcr Verbindungen nach dem 1. Januar 2009 heraus. Daf\u00fcr sind folgende Bedingungen zu erf\u00fcllen: Der Antragsteller und gleichzeitig OEFF Aktivator muss alle Verbindungen vom gleichen DXCC-Gebiet get\u00e4tigt haben, Standortwechsel (\/am, \/p, \/mm, \/m) erlaubt, keine Band- oder Betriebsartenbeschr\u00e4nkung. Es werden Aktivierungen aus verschiedenen Nationalparks und Reservaten (OEFF) in \u00d6sterreich lt. Liste ben\u00f6tigt. Das Diplom wird in drei Klassen ausgegeben. OEFF-A 10&hellip;\" \/>\n<meta property=\"og:url\" content=\"https:\/\/www.afch.at\/wwff\/activator-awards-oeff\/\" \/>\n<meta property=\"og:site_name\" content=\"WWFF-OE\" \/>\n<meta property=\"article:modified_time\" content=\"2022-11-29T19:51:47+00:00\" \/>\n<meta name=\"twitter:card\" content=\"summary_large_image\" \/>\n<meta name=\"twitter:label1\" content=\"Gesch\u00e4tzte Lesezeit\" \/>\n\t<meta name=\"twitter:data1\" content=\"2\u00a0Minuten\" \/>\n<script type=\"application\/ld+json\" class=\"yoast-schema-graph\">{\"@context\":\"https:\\\/\\\/schema.org\",\"@graph\":[{\"@type\":\"WebPage\",\"@id\":\"https:\\\/\\\/www.afch.at\\\/wwff\\\/activator-awards-oeff\\\/\",\"url\":\"https:\\\/\\\/www.afch.at\\\/wwff\\\/activator-awards-oeff\\\/\",\"name\":\"ACTIVATOR AWARDS OEFF - WWFF-OE\",\"isPartOf\":{\"@id\":\"http:\\\/\\\/www.afch.at\\\/wwff\\\/#website\"},\"datePublished\":\"2020-01-27T22:32:17+00:00\",\"dateModified\":\"2022-11-29T19:51:47+00:00\",\"breadcrumb\":{\"@id\":\"https:\\\/\\\/www.afch.at\\\/wwff\\\/activator-awards-oeff\\\/#breadcrumb\"},\"inLanguage\":\"de\",\"potentialAction\":[{\"@type\":\"ReadAction\",\"target\":[\"https:\\\/\\\/www.afch.at\\\/wwff\\\/activator-awards-oeff\\\/\"]}]},{\"@type\":\"BreadcrumbList\",\"@id\":\"https:\\\/\\\/www.afch.at\\\/wwff\\\/activator-awards-oeff\\\/#breadcrumb\",\"itemListElement\":[{\"@type\":\"ListItem\",\"position\":1,\"name\":\"Startseite\",\"item\":\"http:\\\/\\\/www.afch.at\\\/wwff\\\/\"},{\"@type\":\"ListItem\",\"position\":2,\"name\":\"ACTIVATOR AWARDS OEFF\"}]},{\"@type\":\"WebSite\",\"@id\":\"http:\\\/\\\/www.afch.at\\\/wwff\\\/#website\",\"url\":\"http:\\\/\\\/www.afch.at\\\/wwff\\\/\",\"name\":\"WWFF-OE\",\"description\":\"AFCH\",\"potentialAction\":[{\"@type\":\"SearchAction\",\"target\":{\"@type\":\"EntryPoint\",\"urlTemplate\":\"http:\\\/\\\/www.afch.at\\\/wwff\\\/?s={search_term_string}\"},\"query-input\":{\"@type\":\"PropertyValueSpecification\",\"valueRequired\":true,\"valueName\":\"search_term_string\"}}],\"inLanguage\":\"de\"}]}<\/script>\n<!-- \/ Yoast SEO plugin. -->","yoast_head_json":{"title":"ACTIVATOR AWARDS OEFF - WWFF-OE","robots":{"index":"index","follow":"follow","max-snippet":"max-snippet:-1","max-image-preview":"max-image-preview:large","max-video-preview":"max-video-preview:-1"},"canonical":"https:\/\/www.afch.at\/wwff\/activator-awards-oeff\/","og_locale":"de_DE","og_type":"article","og_title":"ACTIVATOR AWARDS OEFF - WWFF-OE","og_description":"ACTIVATOR AWARDS OE FLORA &amp; FAUNA \u2013 OEFF (Worked OE Flora &amp; Fauna) Aktivator Diplom Der Amateurfunkclub Heidenreichstein (AFCH) gibt dieses auch vom \u00d6VSV anerkannte Diplom an lizenzierte Funkamateure f\u00fcr Verbindungen nach dem 1. Januar 2009 heraus. Daf\u00fcr sind folgende Bedingungen zu erf\u00fcllen: Der Antragsteller und gleichzeitig OEFF Aktivator muss alle Verbindungen vom gleichen DXCC-Gebiet get\u00e4tigt haben, Standortwechsel (\/am, \/p, \/mm, \/m) erlaubt, keine Band- oder Betriebsartenbeschr\u00e4nkung. Es werden Aktivierungen aus verschiedenen Nationalparks und Reservaten (OEFF) in \u00d6sterreich lt. Liste ben\u00f6tigt. Das Diplom wird in drei Klassen ausgegeben. OEFF-A 10&hellip;","og_url":"https:\/\/www.afch.at\/wwff\/activator-awards-oeff\/","og_site_name":"WWFF-OE","article_modified_time":"2022-11-29T19:51:47+00:00","twitter_card":"summary_large_image","twitter_misc":{"Gesch\u00e4tzte Lesezeit":"2\u00a0Minuten"},"schema":{"@context":"https:\/\/schema.org","@graph":[{"@type":"WebPage","@id":"https:\/\/www.afch.at\/wwff\/activator-awards-oeff\/","url":"https:\/\/www.afch.at\/wwff\/activator-awards-oeff\/","name":"ACTIVATOR AWARDS OEFF - WWFF-OE","isPartOf":{"@id":"http:\/\/www.afch.at\/wwff\/#website"},"datePublished":"2020-01-27T22:32:17+00:00","dateModified":"2022-11-29T19:51:47+00:00","breadcrumb":{"@id":"https:\/\/www.afch.at\/wwff\/activator-awards-oeff\/#breadcrumb"},"inLanguage":"de","potentialAction":[{"@type":"ReadAction","target":["https:\/\/www.afch.at\/wwff\/activator-awards-oeff\/"]}]},{"@type":"BreadcrumbList","@id":"https:\/\/www.afch.at\/wwff\/activator-awards-oeff\/#breadcrumb","itemListElement":[{"@type":"ListItem","position":1,"name":"Startseite","item":"http:\/\/www.afch.at\/wwff\/"},{"@type":"ListItem","position":2,"name":"ACTIVATOR AWARDS OEFF"}]},{"@type":"WebSite","@id":"http:\/\/www.afch.at\/wwff\/#website","url":"http:\/\/www.afch.at\/wwff\/","name":"WWFF-OE","description":"AFCH","potentialAction":[{"@type":"SearchAction","target":{"@type":"EntryPoint","urlTemplate":"http:\/\/www.afch.at\/wwff\/?s={search_term_string}"},"query-input":{"@type":"PropertyValueSpecification","valueRequired":true,"valueName":"search_term_string"}}],"inLanguage":"de"}]}},"jetpack_sharing_enabled":true,"jetpack_shortlink":"https:\/\/wp.me\/PaENpZ-6t","jetpack-related-posts":[],"_links":{"self":[{"href":"https:\/\/www.afch.at\/wwff\/wp-json\/wp\/v2\/pages\/401","targetHints":{"allow":["GET"]}}],"collection":[{"href":"https:\/\/www.afch.at\/wwff\/wp-json\/wp\/v2\/pages"}],"about":[{"href":"https:\/\/www.afch.at\/wwff\/wp-json\/wp\/v2\/types\/page"}],"author":[{"embeddable":true,"href":"https:\/\/www.afch.at\/wwff\/wp-json\/wp\/v2\/users\/1"}],"replies":[{"embeddable":true,"href":"https:\/\/www.afch.at\/wwff\/wp-json\/wp\/v2\/comments?post=401"}],"version-history":[{"count":3,"href":"https:\/\/www.afch.at\/wwff\/wp-json\/wp\/v2\/pages\/401\/revisions"}],"predecessor-version":[{"id":565,"href":"https:\/\/www.afch.at\/wwff\/wp-json\/wp\/v2\/pages\/401\/revisions\/565"}],"wp:attachment":[{"href":"https:\/\/www.afch.at\/wwff\/wp-json\/wp\/v2\/media?parent=401"}],"curies":[{"name":"wp","href":"https:\/\/api.w.org\/{rel}","templated":true}]}}