{"id":403,"date":"2020-01-27T23:35:46","date_gmt":"2020-01-27T22:35:46","guid":{"rendered":"http:\/\/www.afch.at\/wwff\/?page_id=403"},"modified":"2022-11-29T20:55:38","modified_gmt":"2022-11-29T19:55:38","slug":"oeff-hunter-awards","status":"publish","type":"page","link":"http:\/\/www.afch.at\/wwff\/oeff-hunter-awards\/","title":{"rendered":"OEFF-HUNTER AWARDS"},"content":{"rendered":"<p style=\"text-align: justify;\"><strong>HUNTER AWARDS<br \/>\n<\/strong>OE FLORA &amp; FAUNA \u2013 OEFF<br \/>\n(Worked OE Flora &amp; Fauna)<\/p>\n<p style=\"text-align: justify;\">Der Amateurfunkclub Heidenreichstein (AFCH) gibt dieses auch vom \u00d6VSV anerkannte Diplom an lizenzierte Funkamateure und an SWLs f\u00fcr Verbindungen nach dem 1. Januar 2009 heraus. Daf\u00fcr sind folgende Bedingungen zu erf\u00fcllen: Der Antragsteller muss alle Verbindungen vom gleichen DXCC-Gebiet get\u00e4tigt haben, Standortwechsel (\/am, \/p, \/mm, \/m) erlaubt, keine Band- oder Betriebsartenbeschr\u00e4nkung. Es werden Verbindungen mit Stationen in verschiedenen Nationalparks und Reservaten\u2028 (OEFF) in \u00d6sterreich lt. Liste ben\u00f6tigt. Die OEFF-Referenz entspricht der Referenz des WWFF und muss auf der QSL-Karte aufgedruckt sein. Das Diplom wird in vier Klassen ausgegeben.<\/p>\n<ul style=\"text-align: justify;\">\n<li>Bronze f\u00fcr 5\u00a0 OE FF Gebiete<\/li>\n<li>Silber f\u00fcr \u00a010 OE FF Gebiete<\/li>\n<li>Gold f\u00fcr\u00a0\u00a0 20 OE FF Gebiete<\/li>\n<li>Platin f\u00fcr 44 OE FF Gebiete<\/li>\n<\/ul>\n<p style=\"text-align: justify;\">Stationen, die einen Nationalpark oder ein Reservat aktivieren, m\u00fcssen sich innerhalb seiner Grenzen befinden. Dabei wird vorausgesetzt, dass Sie sich sowohl den Bestimmungen des Nationalparks bzw. Reservates entsprechend verhalten als auch Verantwortungsbewusstsein und Sorgfalt gegen\u00fcber Flora und Fauna an den Tag legen. Das Diplom kann online auf http:\/\/logsearch.wwff.co\/index.php beantragt werden und wird durch den Diplom Manager OE3LLQ &#8211; Luciano oder OE3RGB &#8211; Rainer gepr\u00fcft und per Email als PDF File zum selber ausdrucken verschickt.<\/p>\n<p style=\"text-align: justify;\">Vy 73,55, 44 <a href=\"Mailto:oe3rgb@aon.at\">OE3RGB \u2013 Rainer<\/a>,\u00a0 OEFF \u2013 Coordinator, OE3LLQ &#8211; OEFF \u2013 Award Manager<\/p>\n","protected":false},"excerpt":{"rendered":"<p>HUNTER AWARDS OE FLORA &amp; FAUNA \u2013 OEFF (Worked OE Flora &amp; Fauna) Der Amateurfunkclub Heidenreichstein (AFCH) gibt dieses auch vom \u00d6VSV anerkannte Diplom an lizenzierte Funkamateure und an SWLs f\u00fcr Verbindungen nach dem 1. Januar 2009 heraus. Daf\u00fcr sind folgende Bedingungen zu erf\u00fcllen: Der Antragsteller muss alle Verbindungen vom gleichen DXCC-Gebiet get\u00e4tigt haben, Standortwechsel (\/am, \/p, \/mm, \/m) erlaubt, keine Band- oder Betriebsartenbeschr\u00e4nkung. Es werden Verbindungen mit Stationen in verschiedenen Nationalparks und Reservaten\u2028 (OEFF) in \u00d6sterreich lt. Liste ben\u00f6tigt. Die OEFF-Referenz entspricht der Referenz des WWFF und muss auf&hellip;<\/p>\n","protected":false},"author":1,"featured_media":0,"parent":0,"menu_order":0,"comment_status":"closed","ping_status":"closed","template":"","meta":{"jetpack_post_was_ever_published":false,"_mc_calendar":[],"footnotes":""},"class_list":["post-403","page","type-page","status-publish","hentry"],"yoast_head":"<!-- This site is optimized with the Yoast SEO plugin v27.3 - https:\/\/yoast.com\/product\/yoast-seo-wordpress\/ -->\n<title>OEFF-HUNTER AWARDS - WWFF-OE<\/title>\n<meta name=\"robots\" content=\"index, follow, max-snippet:-1, max-image-preview:large, max-video-preview:-1\" \/>\n<link rel=\"canonical\" href=\"http:\/\/www.afch.at\/wwff\/oeff-hunter-awards\/\" \/>\n<meta property=\"og:locale\" content=\"de_DE\" \/>\n<meta property=\"og:type\" content=\"article\" \/>\n<meta property=\"og:title\" content=\"OEFF-HUNTER AWARDS - WWFF-OE\" \/>\n<meta property=\"og:description\" content=\"HUNTER AWARDS OE FLORA &amp; FAUNA \u2013 OEFF (Worked OE Flora &amp; Fauna) Der Amateurfunkclub Heidenreichstein (AFCH) gibt dieses auch vom \u00d6VSV anerkannte Diplom an lizenzierte Funkamateure und an SWLs f\u00fcr Verbindungen nach dem 1. Januar 2009 heraus. Daf\u00fcr sind folgende Bedingungen zu erf\u00fcllen: Der Antragsteller muss alle Verbindungen vom gleichen DXCC-Gebiet get\u00e4tigt haben, Standortwechsel (\/am, \/p, \/mm, \/m) erlaubt, keine Band- oder Betriebsartenbeschr\u00e4nkung. Es werden Verbindungen mit Stationen in verschiedenen Nationalparks und Reservaten\u2028 (OEFF) in \u00d6sterreich lt. Liste ben\u00f6tigt. Die OEFF-Referenz entspricht der Referenz des WWFF und muss auf&hellip;\" \/>\n<meta property=\"og:url\" content=\"http:\/\/www.afch.at\/wwff\/oeff-hunter-awards\/\" \/>\n<meta property=\"og:site_name\" content=\"WWFF-OE\" \/>\n<meta property=\"article:modified_time\" content=\"2022-11-29T19:55:38+00:00\" \/>\n<meta name=\"twitter:card\" content=\"summary_large_image\" \/>\n<meta name=\"twitter:label1\" content=\"Gesch\u00e4tzte Lesezeit\" \/>\n\t<meta name=\"twitter:data1\" content=\"2\u00a0Minuten\" \/>\n<script type=\"application\/ld+json\" class=\"yoast-schema-graph\">{\"@context\":\"https:\\\/\\\/schema.org\",\"@graph\":[{\"@type\":\"WebPage\",\"@id\":\"http:\\\/\\\/www.afch.at\\\/wwff\\\/oeff-hunter-awards\\\/\",\"url\":\"http:\\\/\\\/www.afch.at\\\/wwff\\\/oeff-hunter-awards\\\/\",\"name\":\"OEFF-HUNTER AWARDS - WWFF-OE\",\"isPartOf\":{\"@id\":\"http:\\\/\\\/www.afch.at\\\/wwff\\\/#website\"},\"datePublished\":\"2020-01-27T22:35:46+00:00\",\"dateModified\":\"2022-11-29T19:55:38+00:00\",\"breadcrumb\":{\"@id\":\"http:\\\/\\\/www.afch.at\\\/wwff\\\/oeff-hunter-awards\\\/#breadcrumb\"},\"inLanguage\":\"de\",\"potentialAction\":[{\"@type\":\"ReadAction\",\"target\":[\"http:\\\/\\\/www.afch.at\\\/wwff\\\/oeff-hunter-awards\\\/\"]}]},{\"@type\":\"BreadcrumbList\",\"@id\":\"http:\\\/\\\/www.afch.at\\\/wwff\\\/oeff-hunter-awards\\\/#breadcrumb\",\"itemListElement\":[{\"@type\":\"ListItem\",\"position\":1,\"name\":\"Startseite\",\"item\":\"http:\\\/\\\/www.afch.at\\\/wwff\\\/\"},{\"@type\":\"ListItem\",\"position\":2,\"name\":\"OEFF-HUNTER AWARDS\"}]},{\"@type\":\"WebSite\",\"@id\":\"http:\\\/\\\/www.afch.at\\\/wwff\\\/#website\",\"url\":\"http:\\\/\\\/www.afch.at\\\/wwff\\\/\",\"name\":\"WWFF-OE\",\"description\":\"AFCH\",\"potentialAction\":[{\"@type\":\"SearchAction\",\"target\":{\"@type\":\"EntryPoint\",\"urlTemplate\":\"http:\\\/\\\/www.afch.at\\\/wwff\\\/?s={search_term_string}\"},\"query-input\":{\"@type\":\"PropertyValueSpecification\",\"valueRequired\":true,\"valueName\":\"search_term_string\"}}],\"inLanguage\":\"de\"}]}<\/script>\n<!-- \/ Yoast SEO plugin. -->","yoast_head_json":{"title":"OEFF-HUNTER AWARDS - WWFF-OE","robots":{"index":"index","follow":"follow","max-snippet":"max-snippet:-1","max-image-preview":"max-image-preview:large","max-video-preview":"max-video-preview:-1"},"canonical":"http:\/\/www.afch.at\/wwff\/oeff-hunter-awards\/","og_locale":"de_DE","og_type":"article","og_title":"OEFF-HUNTER AWARDS - WWFF-OE","og_description":"HUNTER AWARDS OE FLORA &amp; FAUNA \u2013 OEFF (Worked OE Flora &amp; Fauna) Der Amateurfunkclub Heidenreichstein (AFCH) gibt dieses auch vom \u00d6VSV anerkannte Diplom an lizenzierte Funkamateure und an SWLs f\u00fcr Verbindungen nach dem 1. Januar 2009 heraus. Daf\u00fcr sind folgende Bedingungen zu erf\u00fcllen: Der Antragsteller muss alle Verbindungen vom gleichen DXCC-Gebiet get\u00e4tigt haben, Standortwechsel (\/am, \/p, \/mm, \/m) erlaubt, keine Band- oder Betriebsartenbeschr\u00e4nkung. Es werden Verbindungen mit Stationen in verschiedenen Nationalparks und Reservaten\u2028 (OEFF) in \u00d6sterreich lt. Liste ben\u00f6tigt. Die OEFF-Referenz entspricht der Referenz des WWFF und muss auf&hellip;","og_url":"http:\/\/www.afch.at\/wwff\/oeff-hunter-awards\/","og_site_name":"WWFF-OE","article_modified_time":"2022-11-29T19:55:38+00:00","twitter_card":"summary_large_image","twitter_misc":{"Gesch\u00e4tzte Lesezeit":"2\u00a0Minuten"},"schema":{"@context":"https:\/\/schema.org","@graph":[{"@type":"WebPage","@id":"http:\/\/www.afch.at\/wwff\/oeff-hunter-awards\/","url":"http:\/\/www.afch.at\/wwff\/oeff-hunter-awards\/","name":"OEFF-HUNTER AWARDS - WWFF-OE","isPartOf":{"@id":"http:\/\/www.afch.at\/wwff\/#website"},"datePublished":"2020-01-27T22:35:46+00:00","dateModified":"2022-11-29T19:55:38+00:00","breadcrumb":{"@id":"http:\/\/www.afch.at\/wwff\/oeff-hunter-awards\/#breadcrumb"},"inLanguage":"de","potentialAction":[{"@type":"ReadAction","target":["http:\/\/www.afch.at\/wwff\/oeff-hunter-awards\/"]}]},{"@type":"BreadcrumbList","@id":"http:\/\/www.afch.at\/wwff\/oeff-hunter-awards\/#breadcrumb","itemListElement":[{"@type":"ListItem","position":1,"name":"Startseite","item":"http:\/\/www.afch.at\/wwff\/"},{"@type":"ListItem","position":2,"name":"OEFF-HUNTER AWARDS"}]},{"@type":"WebSite","@id":"http:\/\/www.afch.at\/wwff\/#website","url":"http:\/\/www.afch.at\/wwff\/","name":"WWFF-OE","description":"AFCH","potentialAction":[{"@type":"SearchAction","target":{"@type":"EntryPoint","urlTemplate":"http:\/\/www.afch.at\/wwff\/?s={search_term_string}"},"query-input":{"@type":"PropertyValueSpecification","valueRequired":true,"valueName":"search_term_string"}}],"inLanguage":"de"}]}},"jetpack_sharing_enabled":false,"jetpack_shortlink":"https:\/\/wp.me\/PaENpZ-6v","jetpack-related-posts":[],"_links":{"self":[{"href":"http:\/\/www.afch.at\/wwff\/wp-json\/wp\/v2\/pages\/403","targetHints":{"allow":["GET"]}}],"collection":[{"href":"http:\/\/www.afch.at\/wwff\/wp-json\/wp\/v2\/pages"}],"about":[{"href":"http:\/\/www.afch.at\/wwff\/wp-json\/wp\/v2\/types\/page"}],"author":[{"embeddable":true,"href":"http:\/\/www.afch.at\/wwff\/wp-json\/wp\/v2\/users\/1"}],"replies":[{"embeddable":true,"href":"http:\/\/www.afch.at\/wwff\/wp-json\/wp\/v2\/comments?post=403"}],"version-history":[{"count":4,"href":"http:\/\/www.afch.at\/wwff\/wp-json\/wp\/v2\/pages\/403\/revisions"}],"predecessor-version":[{"id":567,"href":"http:\/\/www.afch.at\/wwff\/wp-json\/wp\/v2\/pages\/403\/revisions\/567"}],"wp:attachment":[{"href":"http:\/\/www.afch.at\/wwff\/wp-json\/wp\/v2\/media?parent=403"}],"curies":[{"name":"wp","href":"https:\/\/api.w.org\/{rel}","templated":true}]}}